{"id":7,"date":"2021-02-06T17:43:05","date_gmt":"2021-02-06T17:43:05","guid":{"rendered":"https:\/\/bancodeprofesores.aulasabiertas.com\/index.php\/add-listing\/"},"modified":"2021-02-09T10:51:20","modified_gmt":"2021-02-09T10:51:20","slug":"add-listing","status":"publish","type":"page","link":"https:\/\/bancodeprofesores.aulasabiertas.com\/index.php\/add-listing\/","title":{"rendered":"A\u00d1ADIR ANUNCIO"},"content":{"rendered":"\n<p><strong>Si no aparece en el listado puedes escribir tu localidad<\/strong>.<\/p>\n\n\n\n<p><strong>Si en el desplegable no se encuentra tu materia  escr\u00edbela en el campo &#8220;Otras materias&#8221;.<\/strong><\/p>\n\n\n\n<p>Par que la p\u00e1gina sea mucho m\u00e1s visual <strong>ES OBLIGATORIO SUBIR UNA FOTO<\/strong>. Puede ser una foto informal, no hace falta que sea de carnet, una en el campo, en la calle o un selfie vale.<\/p>\n\n\n\t\t\t\t<section class=\"directory_wrapper single_area\">\n\t\t\t\t\t\t\t\t<div class=\"notice_wrapper\">\n\t\t\t\t<div class=\"directorist-alert directorist-alert-warning\"><i class=\"directorist-icon-mask\" aria-hidden=\"true\" style=\"--directorist-icon: url(https:\/\/bancodeprofesores.aulasabiertas.com\/wp-content\/plugins\/directorist\/assets\/icons\/line-awesome\/svgs\/info-circle-solid.svg)\"><\/i> You need to be logged in to view the content of this page. You can login <a href='https:\/\/bancodeprofesores.aulasabiertas.com\/index.php\/login\/'> Aqu\u00ed<\/a>. Don&#039;t have an account? <a href='https:\/\/bancodeprofesores.aulasabiertas.com\/index.php\/alta_profesor\/'> Reg\u00edstrate<\/a><\/div>\n\t\t\t<\/div>\n\t\t\t\t\t\t\t<\/section>\n\t\t\t\t\n\n\n<p><\/p>\n","protected":false},"excerpt":{"rendered":"<p>Si no aparece en el listado puedes escribir tu localidad. Si en el desplegable no se encuentra tu materia escr\u00edbela en el campo &#8220;Otras materias&#8221;. Par que la p\u00e1gina sea mucho m\u00e1s visual ES OBLIGATORIO SUBIR UNA FOTO. Puede ser una foto informal, no hace falta que sea de carnet, una en el campo, en [&hellip;]<\/p>\n","protected":false},"author":1,"featured_media":0,"parent":0,"menu_order":0,"comment_status":"closed","ping_status":"closed","template":"","meta":{"footnotes":""},"class_list":["post-7","page","type-page","status-publish","hentry"],"yoast_head":"<!-- This site is optimized with the Yoast SEO plugin v22.0 - https:\/\/yoast.com\/wordpress\/plugins\/seo\/ -->\n<title>A\u00d1ADIR ANUNCIO - BOLSA DE PROFESORES DE AULASABIERTAS.COM<\/title>\n<meta name=\"robots\" content=\"index, follow, max-snippet:-1, max-image-preview:large, max-video-preview:-1\" \/>\n<link rel=\"canonical\" href=\"https:\/\/bancodeprofesores.aulasabiertas.com\/index.php\/add-listing\/\" \/>\n<meta property=\"og:locale\" content=\"es_ES\" \/>\n<meta property=\"og:type\" content=\"article\" \/>\n<meta property=\"og:title\" content=\"A\u00d1ADIR ANUNCIO - BOLSA DE PROFESORES DE AULASABIERTAS.COM\" \/>\n<meta property=\"og:description\" content=\"Si no aparece en el listado puedes escribir tu localidad. Si en el desplegable no se encuentra tu materia escr\u00edbela en el campo &#8220;Otras materias&#8221;. Par que la p\u00e1gina sea mucho m\u00e1s visual ES OBLIGATORIO SUBIR UNA FOTO. Puede ser una foto informal, no hace falta que sea de carnet, una en el campo, en [&hellip;]\" \/>\n<meta property=\"og:url\" content=\"https:\/\/bancodeprofesores.aulasabiertas.com\/index.php\/add-listing\/\" \/>\n<meta property=\"og:site_name\" content=\"BOLSA DE PROFESORES DE AULASABIERTAS.COM\" \/>\n<meta property=\"article:modified_time\" content=\"2021-02-09T10:51:20+00:00\" \/>\n<meta name=\"twitter:card\" content=\"summary_large_image\" \/>\n<script type=\"application\/ld+json\" class=\"yoast-schema-graph\">{\"@context\":\"https:\/\/schema.org\",\"@graph\":[{\"@type\":\"WebPage\",\"@id\":\"https:\/\/bancodeprofesores.aulasabiertas.com\/index.php\/add-listing\/\",\"url\":\"https:\/\/bancodeprofesores.aulasabiertas.com\/index.php\/add-listing\/\",\"name\":\"A\u00d1ADIR ANUNCIO - BOLSA DE PROFESORES DE AULASABIERTAS.COM\",\"isPartOf\":{\"@id\":\"https:\/\/bancodeprofesores.aulasabiertas.com\/#website\"},\"datePublished\":\"2021-02-06T17:43:05+00:00\",\"dateModified\":\"2021-02-09T10:51:20+00:00\",\"breadcrumb\":{\"@id\":\"https:\/\/bancodeprofesores.aulasabiertas.com\/index.php\/add-listing\/#breadcrumb\"},\"inLanguage\":\"es\",\"potentialAction\":[{\"@type\":\"ReadAction\",\"target\":[\"https:\/\/bancodeprofesores.aulasabiertas.com\/index.php\/add-listing\/\"]}]},{\"@type\":\"BreadcrumbList\",\"@id\":\"https:\/\/bancodeprofesores.aulasabiertas.com\/index.php\/add-listing\/#breadcrumb\",\"itemListElement\":[{\"@type\":\"ListItem\",\"position\":1,\"name\":\"Portada\",\"item\":\"https:\/\/bancodeprofesores.aulasabiertas.com\/\"},{\"@type\":\"ListItem\",\"position\":2,\"name\":\"A\u00d1ADIR ANUNCIO\"}]},{\"@type\":\"WebSite\",\"@id\":\"https:\/\/bancodeprofesores.aulasabiertas.com\/#website\",\"url\":\"https:\/\/bancodeprofesores.aulasabiertas.com\/\",\"name\":\"BOLSA DE PROFESORES DE AULASABIERTAS.COM\",\"description\":\"VISUAL&Iacute;ZATE COMO PROFESOR - ENCUENTRA EL PROFE QUE NECESITAS\",\"potentialAction\":[{\"@type\":\"SearchAction\",\"target\":{\"@type\":\"EntryPoint\",\"urlTemplate\":\"https:\/\/bancodeprofesores.aulasabiertas.com\/?s={search_term_string}\"},\"query-input\":\"required name=search_term_string\"}],\"inLanguage\":\"es\"}]}<\/script>\n<!-- \/ Yoast SEO plugin. -->","yoast_head_json":{"title":"A\u00d1ADIR ANUNCIO - BOLSA DE PROFESORES DE AULASABIERTAS.COM","robots":{"index":"index","follow":"follow","max-snippet":"max-snippet:-1","max-image-preview":"max-image-preview:large","max-video-preview":"max-video-preview:-1"},"canonical":"https:\/\/bancodeprofesores.aulasabiertas.com\/index.php\/add-listing\/","og_locale":"es_ES","og_type":"article","og_title":"A\u00d1ADIR ANUNCIO - BOLSA DE PROFESORES DE AULASABIERTAS.COM","og_description":"Si no aparece en el listado puedes escribir tu localidad. Si en el desplegable no se encuentra tu materia escr\u00edbela en el campo &#8220;Otras materias&#8221;. Par que la p\u00e1gina sea mucho m\u00e1s visual ES OBLIGATORIO SUBIR UNA FOTO. Puede ser una foto informal, no hace falta que sea de carnet, una en el campo, en [&hellip;]","og_url":"https:\/\/bancodeprofesores.aulasabiertas.com\/index.php\/add-listing\/","og_site_name":"BOLSA DE PROFESORES DE AULASABIERTAS.COM","article_modified_time":"2021-02-09T10:51:20+00:00","twitter_card":"summary_large_image","schema":{"@context":"https:\/\/schema.org","@graph":[{"@type":"WebPage","@id":"https:\/\/bancodeprofesores.aulasabiertas.com\/index.php\/add-listing\/","url":"https:\/\/bancodeprofesores.aulasabiertas.com\/index.php\/add-listing\/","name":"A\u00d1ADIR ANUNCIO - BOLSA DE PROFESORES DE AULASABIERTAS.COM","isPartOf":{"@id":"https:\/\/bancodeprofesores.aulasabiertas.com\/#website"},"datePublished":"2021-02-06T17:43:05+00:00","dateModified":"2021-02-09T10:51:20+00:00","breadcrumb":{"@id":"https:\/\/bancodeprofesores.aulasabiertas.com\/index.php\/add-listing\/#breadcrumb"},"inLanguage":"es","potentialAction":[{"@type":"ReadAction","target":["https:\/\/bancodeprofesores.aulasabiertas.com\/index.php\/add-listing\/"]}]},{"@type":"BreadcrumbList","@id":"https:\/\/bancodeprofesores.aulasabiertas.com\/index.php\/add-listing\/#breadcrumb","itemListElement":[{"@type":"ListItem","position":1,"name":"Portada","item":"https:\/\/bancodeprofesores.aulasabiertas.com\/"},{"@type":"ListItem","position":2,"name":"A\u00d1ADIR ANUNCIO"}]},{"@type":"WebSite","@id":"https:\/\/bancodeprofesores.aulasabiertas.com\/#website","url":"https:\/\/bancodeprofesores.aulasabiertas.com\/","name":"BOLSA DE PROFESORES DE AULASABIERTAS.COM","description":"VISUAL&Iacute;ZATE COMO PROFESOR - ENCUENTRA EL PROFE QUE NECESITAS","potentialAction":[{"@type":"SearchAction","target":{"@type":"EntryPoint","urlTemplate":"https:\/\/bancodeprofesores.aulasabiertas.com\/?s={search_term_string}"},"query-input":"required name=search_term_string"}],"inLanguage":"es"}]}},"_links":{"self":[{"href":"https:\/\/bancodeprofesores.aulasabiertas.com\/index.php\/wp-json\/wp\/v2\/pages\/7","targetHints":{"allow":["GET"]}}],"collection":[{"href":"https:\/\/bancodeprofesores.aulasabiertas.com\/index.php\/wp-json\/wp\/v2\/pages"}],"about":[{"href":"https:\/\/bancodeprofesores.aulasabiertas.com\/index.php\/wp-json\/wp\/v2\/types\/page"}],"author":[{"embeddable":true,"href":"https:\/\/bancodeprofesores.aulasabiertas.com\/index.php\/wp-json\/wp\/v2\/users\/1"}],"replies":[{"embeddable":true,"href":"https:\/\/bancodeprofesores.aulasabiertas.com\/index.php\/wp-json\/wp\/v2\/comments?post=7"}],"version-history":[{"count":6,"href":"https:\/\/bancodeprofesores.aulasabiertas.com\/index.php\/wp-json\/wp\/v2\/pages\/7\/revisions"}],"predecessor-version":[{"id":208,"href":"https:\/\/bancodeprofesores.aulasabiertas.com\/index.php\/wp-json\/wp\/v2\/pages\/7\/revisions\/208"}],"wp:attachment":[{"href":"https:\/\/bancodeprofesores.aulasabiertas.com\/index.php\/wp-json\/wp\/v2\/media?parent=7"}],"curies":[{"name":"wp","href":"https:\/\/api.w.org\/{rel}","templated":true}]}}