{"id":171,"date":"2021-02-12T12:38:14","date_gmt":"2021-02-12T12:38:14","guid":{"rendered":"https:\/\/bancodeprofesores.aulasabiertas.com\/?page_id=171"},"modified":"2021-02-12T12:40:00","modified_gmt":"2021-02-12T12:40:00","slug":"publicacion-de-un-anuncio-mediante-formulario","status":"publish","type":"page","link":"https:\/\/bancodeprofesores.aulasabiertas.com\/index.php\/publicacion-de-un-anuncio-mediante-formulario\/","title":{"rendered":"PUBLICACI\u00d3N DE UN ANUNCIO MEDIANTE FORMULARIO"},"content":{"rendered":"\n<p style=\"font-size:clamp(14px, 0.875rem + ((1vw - 3.2px) * 0.392), 18px);px\">Env\u00eda este formulario para dar de alta tu anuncio,  normalmente nosotros lo revisaremos y publicaremos en 24-48 h.<\/p>\n\n\n\n<p style=\"font-size:clamp(14px, 0.875rem + ((1vw - 3.2px) * 0.392), 18px);px\">Si quieres gestionar tus propios anuncios y poner una fotograf\u00eda, date de alta como usuario  y accede con tu cuenta.<\/p>\n\n\n<div class=\"ufbl-form-wrapper ufbl-default-template\" style=\"width:100%;\">\r\n    <form method=\"post\" action=\"\" class=\"ufbl-front-form\">\r\n\t\t<div class=\"ufbl-form-title\">SOLICITUD DE ANUNCIO COMO PROFESOR\/A<\/div>\t\t\t\t<input type=\"hidden\" name=\"form_id\" value=\"1\" class=\"form-id\"\/>\r\n\t\t\t\t\t\t\t\t<div class=\"ufbl-form-field-wrap \" >\r\n\t\t\t\t\t\t\t<label>Nombre y apellidos<\/label>\r\n\t\t\t\t\t\t\t<div class=\"ufbl-form-field\">\r\n\t\t\t\t\t\t\t\t<input type=\"text\" name=\"ufbl_field_1\" class=\"ufbl-form-textfield ufbl-required\" data-max-chars=\"\" data-min-chars=\"\" data-error-message=\"\" placeholder=\"\" value=\"\"\/>\r\n\t\t\t\t\t\t\t\t<div class=\"ufbl-error\"  data-error-key=\"ufbl_field_1\"><\/div>\r\n\t\t\t\t\t\t\t<\/div>\r\n\t\t\t\t\t\t<\/div>\r\n\t\t\t\t\t\t\t\t\t\t\t\t<div class=\"ufbl-form-field-wrap \" >\r\n\t\t\t\t\t\t\t<label>Descripci\u00f3n como profesor, informar de niveles a los que se imparte clase y precios por nivel. Dar m\u00e1s informaci\u00f3n sobre, horarios, zonas, metodolog\u00eda, etc.<\/label>\r\n\t\t\t\t\t\t\t<div class=\"ufbl-form-field\">\r\n\t\t\t\t\t\t\t\t<textarea name=\"ufbl_field_4\" class=\"ufbl-form-textarea ufbl-required\" data-max-chars=\"\" data-min-chars=\"\" data-error-message=\"\" rows=\"5\" cols=\"10\" placeholder=\"\"><\/textarea>\r\n\t\t\t\t\t\t\t\t<div class=\"ufbl-error\"  data-error-key=\"ufbl_field_4\"><\/div>\r\n\t\t\t\t\t\t\t<\/div>\r\n\t\t\t\t\t\t<\/div>\r\n\t\t\t\t\t\t\t\t\t\t\t\t<div class=\"ufbl-form-field-wrap \" >\r\n\t\t\t\t\t\t\t<label>Introduce un precio por hora de las clases m\u00e1s frecuentes.<\/label>\r\n\t\t\t\t\t\t\t<div class=\"ufbl-form-field\">\r\n\t\t\t\t\t\t\t\t<input type=\"number\" name=\"ufbl_field_5\" class=\"ufbl-number-field ufbl-required\" data-error-message=\"\" placeholder=\"\" value=\"\" data-max-chars=\"\" data-min-chars=\"\"\/>\r\n\t\t\t\t\t\t\t\t<div class=\"ufbl-error\" data-error-key=\"ufbl_field_5\"><\/div>\r\n\t\t\t\t\t\t\t<\/div>\r\n\t\t\t\t\t\t<\/div>\r\n\t\t\t\t\t\t\t\t\t\t\t\t<div class=\"ufbl-form-field-wrap \" >\r\n\t\t\t\t\t\t\t<label>\u00bfimpartes clases online?<\/label>\r\n\t\t\t\t\t\t\t<div class=\"ufbl-form-field\">\r\n\t\t\t\t\t\t\t\t\t\t\t\t\t\t\t\t\t\t<div class=\"ufbl-sub-field-wrap\"><input type=\"radio\" value=\"S\u00cd\" name=\"ufbl_field_12\" class=\"ufbl-form-radio \" id=\"1-ufbl_field_12-0\"\/><label for=\"1-ufbl_field_12-0\">S\u00cd<\/label><\/div>\r\n\t\t\t\t\t\t\t\t\t\t\t\t\t\t\t\t\t\t\t\t<div class=\"ufbl-sub-field-wrap\"><input type=\"radio\" value=\"NO\" name=\"ufbl_field_12\" class=\"ufbl-form-radio \" id=\"1-ufbl_field_12-1\"\/><label for=\"1-ufbl_field_12-1\">NO<\/label><\/div>\r\n\t\t\t\t\t\t\t\t\t\t\t\t\t\t\t\t\t\t<div class=\"ufbl-error\"  data-error-key=\"ufbl_field_12\"><\/div>\r\n\t\t\t\t\t\t\t<\/div>\r\n\t\t\t\t\t\t<\/div>\r\n\t\t\t\t\t\t\t\t\t\t\t\t<div class=\"ufbl-form-field-wrap \" >\r\n\t\t\t\t\t\t\t<label>MATERIAS Y NIVELES EN LAS QUE IMPARTO CLASE<\/label>\r\n\t\t\t\t\t\t\t<div class=\"ufbl-form-field\">\r\n\t\t\t\t\t\t\t\t<textarea name=\"ufbl_field_7\" class=\"ufbl-form-textarea ufbl-required\" data-max-chars=\"\" data-min-chars=\"\" data-error-message=\"\" rows=\"5\" cols=\"10\" placeholder=\"\"><\/textarea>\r\n\t\t\t\t\t\t\t\t<div class=\"ufbl-error\"  data-error-key=\"ufbl_field_7\"><\/div>\r\n\t\t\t\t\t\t\t<\/div>\r\n\t\t\t\t\t\t<\/div>\r\n\t\t\t\t\t\t\t\t\t\t\t\t<div class=\"ufbl-form-field-wrap \" >\r\n\t\t\t\t\t\t\t<label>LOCALIDAD<\/label>\r\n\t\t\t\t\t\t\t<div class=\"ufbl-form-field\">\r\n\t\t\t\t\t\t\t\t<input type=\"text\" name=\"ufbl_field_9\" class=\"ufbl-form-textfield ufbl-required\" data-max-chars=\"\" data-min-chars=\"\" data-error-message=\"\" placeholder=\"\" value=\"\"\/>\r\n\t\t\t\t\t\t\t\t<div class=\"ufbl-error\"  data-error-key=\"ufbl_field_9\"><\/div>\r\n\t\t\t\t\t\t\t<\/div>\r\n\t\t\t\t\t\t<\/div>\r\n\t\t\t\t\t\t\t\t\t\t\t\t<div class=\"ufbl-form-field-wrap \" >\r\n\t\t\t\t\t\t\t<label>TITULACI\u00d3N\/ESTUDIOS ACTUALES<\/label>\r\n\t\t\t\t\t\t\t<div class=\"ufbl-form-field\">\r\n\t\t\t\t\t\t\t\t<input type=\"text\" name=\"ufbl_field_8\" class=\"ufbl-form-textfield ufbl-required\" data-max-chars=\"\" data-min-chars=\"\" data-error-message=\"\" placeholder=\"\" value=\"\"\/>\r\n\t\t\t\t\t\t\t\t<div class=\"ufbl-error\"  data-error-key=\"ufbl_field_8\"><\/div>\r\n\t\t\t\t\t\t\t<\/div>\r\n\t\t\t\t\t\t<\/div>\r\n\t\t\t\t\t\t\t\t\t\t\t\t<div class=\"ufbl-form-field-wrap \" >\r\n\t\t\t\t\t\t\t<label>Tel\u00e9fono de contacto<\/label>\r\n\t\t\t\t\t\t\t<div class=\"ufbl-form-field\">\r\n\t\t\t\t\t\t\t\t<input type=\"text\" name=\"ufbl_field_10\" class=\"ufbl-form-textfield ufbl-required\" data-max-chars=\"\" data-min-chars=\"\" data-error-message=\"\" placeholder=\"\" value=\"\"\/>\r\n\t\t\t\t\t\t\t\t<div class=\"ufbl-error\"  data-error-key=\"ufbl_field_10\"><\/div>\r\n\t\t\t\t\t\t\t<\/div>\r\n\t\t\t\t\t\t<\/div>\r\n\t\t\t\t\t\t\t\t\t\t\t\t<div class=\"ufbl-form-field-wrap \" >\r\n\t\t\t\t\t\t\t<label>Email (optativo)<\/label>\r\n\t\t\t\t\t\t\t<div class=\"ufbl-form-field\">\r\n\t\t\t\t\t\t\t\t<input type=\"text\" name=\"ufbl_field_2\" class=\"ufbl-form-textfield \" data-max-chars=\"\" data-min-chars=\"\" data-error-message=\"\" placeholder=\"\" value=\"\"\/>\r\n\t\t\t\t\t\t\t\t<div class=\"ufbl-error\"  data-error-key=\"ufbl_field_2\"><\/div>\r\n\t\t\t\t\t\t\t<\/div>\r\n\t\t\t\t\t\t<\/div>\r\n\t\t\t\t\t\t\t\t\t\t\t\t<div class=\"ufbl-form-field-wrap \" >\r\n\t\t\t\t\t\t\t<label>Demuestra que eres humano<\/label>\r\n\t\t\t\t\t\t\t<div class=\"ufbl-form-field\">\r\n\t\t\t\t\t\t\t\t\t\t\t\t\t\t\t\t\t<div class=\"ufbl-math-captcha-wrap\">\r\n\t\t\t\t\t\t\t\t\t\t<span class=\"ufbl-captcha-num\">5<\/span> + <span>2<\/span> = <input type=\"text\" name=\"ufbl_field_11\" class=\"ufbl-math-captcha-ans\" placeholder=\"Enter Sum\"\/>\r\n\t\t\t\t\t\t\t\t\t\t<input type=\"hidden\" name=\"ufbl_field_11_num_1\" value=\"5\"\/>\r\n\t\t\t\t\t\t\t\t\t\t<input type=\"hidden\" name=\"ufbl_field_11_num_2\" value=\"2\"\/>\r\n\t\t\t\t\t\t\t\t\t<\/div>\r\n\t\t\t\t\t\t\t\t\r\n\t\t\t\t\t\t\t\t<div class=\"ufbl-error\" data-error-key=\"ufbl_field_11\"><\/div>\r\n\t\t\t\t\t\t\t<\/div>\r\n\t\t\t\t\t\t<\/div>\r\n\t\t\t\t\t\t\t\t\t\t\t\t<div class=\"ufbl-form-field-wrap \" >\r\n\t\t\t\t\t\t\t<div class=\"ufbl-form-field\">\r\n\t\t\t\t\t\t\t\t<input type=\"submit\" class=\"ufbl-form-submit\" name=\"ufbl_field_3\" value=\"ENVIAR\"\/>\r\n\t\t\t\t\t\t\t\t\t\t\t\t\t\t\t\t<span class=\"ufbl-form-loader\" style=\"display:none\"><\/span>\r\n\t\t\t\t\t\t\t<\/div>\r\n\t\t\t\t\t\t<\/div>\r\n\t\t\t\t\t\t\t\t<div class=\"ufbl-form-message\" style=\"display: none;\"><\/div>\r\n\r\n\t\t\t<\/form>\r\n\r\n<\/div>\r\n\r\n\n","protected":false},"excerpt":{"rendered":"<p>Env\u00eda este formulario para dar de alta tu anuncio, normalmente nosotros lo revisaremos y publicaremos en 24-48 h. Si quieres gestionar tus propios anuncios y poner una fotograf\u00eda, date de alta como usuario y accede con tu cuenta.<\/p>\n","protected":false},"author":1,"featured_media":0,"parent":0,"menu_order":0,"comment_status":"closed","ping_status":"closed","template":"","meta":{"footnotes":""},"class_list":["post-171","page","type-page","status-publish","hentry"],"yoast_head":"<!-- This site is optimized with the Yoast SEO plugin v22.0 - https:\/\/yoast.com\/wordpress\/plugins\/seo\/ -->\n<title>PUBLICACI\u00d3N DE UN ANUNCIO MEDIANTE FORMULARIO - BOLSA DE PROFESORES DE AULASABIERTAS.COM<\/title>\n<meta name=\"robots\" content=\"index, follow, max-snippet:-1, max-image-preview:large, max-video-preview:-1\" \/>\n<link rel=\"canonical\" href=\"https:\/\/bancodeprofesores.aulasabiertas.com\/index.php\/publicacion-de-un-anuncio-mediante-formulario\/\" \/>\n<meta property=\"og:locale\" content=\"es_ES\" \/>\n<meta property=\"og:type\" content=\"article\" \/>\n<meta property=\"og:title\" content=\"PUBLICACI\u00d3N DE UN ANUNCIO MEDIANTE FORMULARIO - BOLSA DE PROFESORES DE AULASABIERTAS.COM\" \/>\n<meta property=\"og:description\" content=\"Env\u00eda este formulario para dar de alta tu anuncio, normalmente nosotros lo revisaremos y publicaremos en 24-48 h. Si quieres gestionar tus propios anuncios y poner una fotograf\u00eda, date de alta como usuario y accede con tu cuenta.\" \/>\n<meta property=\"og:url\" content=\"https:\/\/bancodeprofesores.aulasabiertas.com\/index.php\/publicacion-de-un-anuncio-mediante-formulario\/\" \/>\n<meta property=\"og:site_name\" content=\"BOLSA DE PROFESORES DE AULASABIERTAS.COM\" \/>\n<meta property=\"article:modified_time\" content=\"2021-02-12T12:40:00+00:00\" \/>\n<meta name=\"twitter:card\" content=\"summary_large_image\" \/>\n<meta name=\"twitter:label1\" content=\"Tiempo de lectura\" \/>\n\t<meta name=\"twitter:data1\" content=\"1 minuto\" \/>\n<script type=\"application\/ld+json\" class=\"yoast-schema-graph\">{\"@context\":\"https:\/\/schema.org\",\"@graph\":[{\"@type\":\"WebPage\",\"@id\":\"https:\/\/bancodeprofesores.aulasabiertas.com\/index.php\/publicacion-de-un-anuncio-mediante-formulario\/\",\"url\":\"https:\/\/bancodeprofesores.aulasabiertas.com\/index.php\/publicacion-de-un-anuncio-mediante-formulario\/\",\"name\":\"PUBLICACI\u00d3N DE UN ANUNCIO MEDIANTE FORMULARIO - BOLSA DE PROFESORES DE AULASABIERTAS.COM\",\"isPartOf\":{\"@id\":\"https:\/\/bancodeprofesores.aulasabiertas.com\/#website\"},\"datePublished\":\"2021-02-12T12:38:14+00:00\",\"dateModified\":\"2021-02-12T12:40:00+00:00\",\"breadcrumb\":{\"@id\":\"https:\/\/bancodeprofesores.aulasabiertas.com\/index.php\/publicacion-de-un-anuncio-mediante-formulario\/#breadcrumb\"},\"inLanguage\":\"es\",\"potentialAction\":[{\"@type\":\"ReadAction\",\"target\":[\"https:\/\/bancodeprofesores.aulasabiertas.com\/index.php\/publicacion-de-un-anuncio-mediante-formulario\/\"]}]},{\"@type\":\"BreadcrumbList\",\"@id\":\"https:\/\/bancodeprofesores.aulasabiertas.com\/index.php\/publicacion-de-un-anuncio-mediante-formulario\/#breadcrumb\",\"itemListElement\":[{\"@type\":\"ListItem\",\"position\":1,\"name\":\"Portada\",\"item\":\"https:\/\/bancodeprofesores.aulasabiertas.com\/\"},{\"@type\":\"ListItem\",\"position\":2,\"name\":\"PUBLICACI\u00d3N DE UN ANUNCIO MEDIANTE FORMULARIO\"}]},{\"@type\":\"WebSite\",\"@id\":\"https:\/\/bancodeprofesores.aulasabiertas.com\/#website\",\"url\":\"https:\/\/bancodeprofesores.aulasabiertas.com\/\",\"name\":\"BOLSA DE PROFESORES DE AULASABIERTAS.COM\",\"description\":\"VISUAL&Iacute;ZATE COMO PROFESOR - ENCUENTRA EL PROFE QUE NECESITAS\",\"potentialAction\":[{\"@type\":\"SearchAction\",\"target\":{\"@type\":\"EntryPoint\",\"urlTemplate\":\"https:\/\/bancodeprofesores.aulasabiertas.com\/?s={search_term_string}\"},\"query-input\":\"required name=search_term_string\"}],\"inLanguage\":\"es\"}]}<\/script>\n<!-- \/ Yoast SEO plugin. -->","yoast_head_json":{"title":"PUBLICACI\u00d3N DE UN ANUNCIO MEDIANTE FORMULARIO - BOLSA DE PROFESORES DE AULASABIERTAS.COM","robots":{"index":"index","follow":"follow","max-snippet":"max-snippet:-1","max-image-preview":"max-image-preview:large","max-video-preview":"max-video-preview:-1"},"canonical":"https:\/\/bancodeprofesores.aulasabiertas.com\/index.php\/publicacion-de-un-anuncio-mediante-formulario\/","og_locale":"es_ES","og_type":"article","og_title":"PUBLICACI\u00d3N DE UN ANUNCIO MEDIANTE FORMULARIO - BOLSA DE PROFESORES DE AULASABIERTAS.COM","og_description":"Env\u00eda este formulario para dar de alta tu anuncio, normalmente nosotros lo revisaremos y publicaremos en 24-48 h. Si quieres gestionar tus propios anuncios y poner una fotograf\u00eda, date de alta como usuario y accede con tu cuenta.","og_url":"https:\/\/bancodeprofesores.aulasabiertas.com\/index.php\/publicacion-de-un-anuncio-mediante-formulario\/","og_site_name":"BOLSA DE PROFESORES DE AULASABIERTAS.COM","article_modified_time":"2021-02-12T12:40:00+00:00","twitter_card":"summary_large_image","twitter_misc":{"Tiempo de lectura":"1 minuto"},"schema":{"@context":"https:\/\/schema.org","@graph":[{"@type":"WebPage","@id":"https:\/\/bancodeprofesores.aulasabiertas.com\/index.php\/publicacion-de-un-anuncio-mediante-formulario\/","url":"https:\/\/bancodeprofesores.aulasabiertas.com\/index.php\/publicacion-de-un-anuncio-mediante-formulario\/","name":"PUBLICACI\u00d3N DE UN ANUNCIO MEDIANTE FORMULARIO - BOLSA DE PROFESORES DE AULASABIERTAS.COM","isPartOf":{"@id":"https:\/\/bancodeprofesores.aulasabiertas.com\/#website"},"datePublished":"2021-02-12T12:38:14+00:00","dateModified":"2021-02-12T12:40:00+00:00","breadcrumb":{"@id":"https:\/\/bancodeprofesores.aulasabiertas.com\/index.php\/publicacion-de-un-anuncio-mediante-formulario\/#breadcrumb"},"inLanguage":"es","potentialAction":[{"@type":"ReadAction","target":["https:\/\/bancodeprofesores.aulasabiertas.com\/index.php\/publicacion-de-un-anuncio-mediante-formulario\/"]}]},{"@type":"BreadcrumbList","@id":"https:\/\/bancodeprofesores.aulasabiertas.com\/index.php\/publicacion-de-un-anuncio-mediante-formulario\/#breadcrumb","itemListElement":[{"@type":"ListItem","position":1,"name":"Portada","item":"https:\/\/bancodeprofesores.aulasabiertas.com\/"},{"@type":"ListItem","position":2,"name":"PUBLICACI\u00d3N DE UN ANUNCIO MEDIANTE FORMULARIO"}]},{"@type":"WebSite","@id":"https:\/\/bancodeprofesores.aulasabiertas.com\/#website","url":"https:\/\/bancodeprofesores.aulasabiertas.com\/","name":"BOLSA DE PROFESORES DE AULASABIERTAS.COM","description":"VISUAL&Iacute;ZATE COMO PROFESOR - ENCUENTRA EL PROFE QUE NECESITAS","potentialAction":[{"@type":"SearchAction","target":{"@type":"EntryPoint","urlTemplate":"https:\/\/bancodeprofesores.aulasabiertas.com\/?s={search_term_string}"},"query-input":"required name=search_term_string"}],"inLanguage":"es"}]}},"_links":{"self":[{"href":"https:\/\/bancodeprofesores.aulasabiertas.com\/index.php\/wp-json\/wp\/v2\/pages\/171","targetHints":{"allow":["GET"]}}],"collection":[{"href":"https:\/\/bancodeprofesores.aulasabiertas.com\/index.php\/wp-json\/wp\/v2\/pages"}],"about":[{"href":"https:\/\/bancodeprofesores.aulasabiertas.com\/index.php\/wp-json\/wp\/v2\/types\/page"}],"author":[{"embeddable":true,"href":"https:\/\/bancodeprofesores.aulasabiertas.com\/index.php\/wp-json\/wp\/v2\/users\/1"}],"replies":[{"embeddable":true,"href":"https:\/\/bancodeprofesores.aulasabiertas.com\/index.php\/wp-json\/wp\/v2\/comments?post=171"}],"version-history":[{"count":2,"href":"https:\/\/bancodeprofesores.aulasabiertas.com\/index.php\/wp-json\/wp\/v2\/pages\/171\/revisions"}],"predecessor-version":[{"id":174,"href":"https:\/\/bancodeprofesores.aulasabiertas.com\/index.php\/wp-json\/wp\/v2\/pages\/171\/revisions\/174"}],"wp:attachment":[{"href":"https:\/\/bancodeprofesores.aulasabiertas.com\/index.php\/wp-json\/wp\/v2\/media?parent=171"}],"curies":[{"name":"wp","href":"https:\/\/api.w.org\/{rel}","templated":true}]}}