{"id":15,"date":"2021-02-06T17:43:05","date_gmt":"2021-02-06T17:43:05","guid":{"rendered":"https:\/\/bancodeprofesores.aulasabiertas.com\/index.php\/login\/"},"modified":"2021-02-18T13:16:30","modified_gmt":"2021-02-18T13:16:30","slug":"login","status":"publish","type":"page","link":"https:\/\/bancodeprofesores.aulasabiertas.com\/index.php\/login\/","title":{"rendered":"Login\/Publicaci\u00f3n del anuncio"},"content":{"rendered":"\n<p style=\"font-size:clamp(14px, 0.875rem + ((1vw - 3.2px) * 0.392), 18px);px\">Puedes enviarnos tu anuncio rellenando este <strong><a href=\"https:\/\/bancodeprofesores.aulasabiertas.com\/index.php\/publicacion-de-un-anuncio-mediante-formulario\/\" target=\"_blank\" rel=\"noreferrer noopener\">FORMULARIO<\/a><\/strong> (no hace falta que te des de alta como profesor), nosotros lo revisaremos y actualizaremos en 24-48 h. Si quieres que incluyamos una foto tendr\u00e1s que enviarla a <a href=\"mailto:aulasabiertasformacion@gmail.com\">aulasabiertasformacion@gmail.com<\/a> <\/p>\n\n\n\n<p style=\"font-size:clamp(14px, 0.875rem + ((1vw - 3.2px) * 0.392), 18px);px\">Si quieres controlar y editar varios anuncios y que aparezca tu foto, date de alta como profesor y haz login para entrar en tu perfil.<\/p>\n\n\n<div class=\"directorist-login-wrapper directorist-w-100\">\n    <div class=\"directorist-container-fluid\">\n        <div class=\"directorist-row\">\n            <div class=\"directorist-col-md-6 directorist-offset-md-3\">\n                <div class=\"atbdp_login_form_shortcode\">\n\t\t\t\t\t\n\t\t\t\t\t\n\t\t\t\t\t\t\t\t\t\t\t<form action=\"#\" id=\"login\" method=\"POST\">\n\t\t\t\t\t\t\t<p class=\"status\"><\/p>\n\t\t\t\t\t\t\t<div class=\"directorist-form-group directorist-mb-15\">\n\t\t\t\t\t\t\t\t<label for=\"username\">Usuario o correo electr\u00f3nico<\/label>\n\t\t\t\t\t\t\t\t<input type=\"text\" class=\"directorist-form-element\" id=\"username\" name=\"username\">\n\t\t\t\t\t\t\t<\/div>\n\n\t\t\t\t\t\t\t<div class=\"directorist-form-group directorist-mb-15\">\n\t\t\t\t\t\t\t\t<label for=\"password\">Contrase\u00f1a<\/label>\n\t\t\t\t\t\t\t\t<input type=\"password\" id=\"password\" autocomplete=\"off\" name=\"password\" class=\"directorist-form-element\">\n\t\t\t\t\t\t\t<\/div>\n\n\t\t\t\t\t\t\t<div class=\"directorist-form-group atbd_login_btn_wrapper directorist-mb-15\">\n\t\t\t\t\t\t\t\t<button class=\"directorist-btn directorist-btn-block directorist-btn-primary\" type=\"submit\" value=\"Acceder\" name=\"submit\">Acceder<\/button>\n\t\t\t\t\t\t\t\t<input type=\"hidden\" id=\"security\" name=\"security\" value=\"b656e609a4\" \/><input type=\"hidden\" name=\"_wp_http_referer\" value=\"\/index.php\/wp-json\/wp\/v2\/pages\/15\" \/>\t\t\t\t\t\t\t<\/div>\n\n\t\t\t\t\t\t\t<div class=\"keep_signed directorist-checkbox directorist-mb-15\">\n\t\t\t\t\t\t\t\t\t\t\t\t\t\t\t\t\t<input type=\"checkbox\" id=\"keep_signed_in\" value=\"1\" name=\"keep_signed_in\" checked>\n\t\t\t\t\t\t\t\t\t<label for=\"keep_signed_in\" class=\"directorist-checkbox__label not_empty\">\n\t\t\t\t\t\t\t\t\t\tRecu\u00e9rdame\t\t\t\t\t\t\t\t\t<\/label>\n\t\t\t\t\t\t\t\t\t\t\t\t\t\t\t<\/div>\n\n\t\t\t\t\t\t\t<p><a href=\"\" class=\"atbdp_recovery_pass\">Recordar contrase\u00f1a<\/a><\/p>\t\t\t\t\t\t<\/form>\n\n\t\t\t\t\t\t<div class=\"atbd_social_login\">\n\t\t\t\t\t\t\t\t\t\t\t\t\t<\/div>\n\n\t\t\t\t\t\t\t\t\t\t\t\t\t<p>\n\t\t\t\t\t\t\t\tTodav\u00eda no tienes una cuenta?\t\t\t\t\t\t\t\t<a href=\"https:\/\/bancodeprofesores.aulasabiertas.com\/index.php\/alta_profesor\/\">Nueva cuenta<\/a>\n\t\t\t\t\t\t\t<\/p>\n\t\t\t\t\t\t\n\t\t\t\t\t\t\n\t\t\t\t\t\t<div id=\"recover-pass-modal\" class=\"directorist-mt-15\">\n\t\t\t\t\t\t\t<form method=\"post\">\n\t\t\t\t\t\t\t\t<fieldset class=\"directorist-form-group\">\n\t\t\t\t\t\t\t\t\t<p>Has olvidado tu contrase\u00f1a? Por favor, escribe tu correo electr\u00f3nico.  Recibir\u00e1s en el un enlace para crear una nueva contrase\u00f1a.<\/p>\n\t\t\t\t\t\t\t\t\t<label for=\"reset_user_login\">Correo electr\u00f3nico<\/label>\n\t\t\t\t\t\t\t\t\t<input type=\"text\" class=\"directorist-form-element\" name=\"user_login\" id=\"reset_user_login\" value=\"\" placeholder=\"Ejemplo mail@ejemplo.com\" required=\"required\" \/>\n\t\t\t\t\t\t\t\t\t<p>\n\t\t\t\t\t\t\t\t\t\t<input type=\"hidden\" name=\"action\" value=\"reset\" \/>\n\t\t\t\t\t\t\t\t\t\t<button type=\"submit\" class=\"directorist-btn directorist-btn-primary\" id=\"submit\">Quiero una nueva contrase\u00f1a<\/button>\n\t\t\t\t\t\t\t\t\t\t<input type=\"hidden\" value=\"1dc4bdcfd9\" name=\"directorist_nonce\">\n\t\t\t\t\t\t\t\t\t<\/p>\n\t\t\t\t\t\t\t\t<\/fieldset>\n\t\t\t\t\t\t\t<\/form>\n\t\t\t\t\t\t<\/div>\n\t\t\t\t\t\t\t\t\t<\/div><!-- \/.atbdp_login_form_shortcode -->\n\t\t\t<\/div>\n\t\t<\/div>\n\t<\/div>\n<\/div>\n\n\n\n<p><\/p>\n\n\n\n<p><\/p>\n","protected":false},"excerpt":{"rendered":"<p>Puedes enviarnos tu anuncio rellenando este FORMULARIO (no hace falta que te des de alta como profesor), nosotros lo revisaremos y actualizaremos en 24-48 h. Si quieres que incluyamos una foto tendr\u00e1s que enviarla a aulasabiertasformacion@gmail.com Si quieres controlar y editar varios anuncios y que aparezca tu foto, date de alta como profesor y haz [&hellip;]<\/p>\n","protected":false},"author":1,"featured_media":0,"parent":0,"menu_order":0,"comment_status":"closed","ping_status":"closed","template":"","meta":{"footnotes":""},"class_list":["post-15","page","type-page","status-publish","hentry"],"yoast_head":"<!-- This site is optimized with the Yoast SEO plugin v22.0 - https:\/\/yoast.com\/wordpress\/plugins\/seo\/ -->\n<title>Login\/Publicaci\u00f3n del anuncio - BOLSA DE PROFESORES DE AULASABIERTAS.COM<\/title>\n<meta name=\"robots\" content=\"index, follow, max-snippet:-1, max-image-preview:large, max-video-preview:-1\" \/>\n<link rel=\"canonical\" href=\"https:\/\/bancodeprofesores.aulasabiertas.com\/index.php\/login\/\" \/>\n<meta property=\"og:locale\" content=\"es_ES\" \/>\n<meta property=\"og:type\" content=\"article\" \/>\n<meta property=\"og:title\" content=\"Login\/Publicaci\u00f3n del anuncio - BOLSA DE PROFESORES DE AULASABIERTAS.COM\" \/>\n<meta property=\"og:description\" content=\"Puedes enviarnos tu anuncio rellenando este FORMULARIO (no hace falta que te des de alta como profesor), nosotros lo revisaremos y actualizaremos en 24-48 h. Si quieres que incluyamos una foto tendr\u00e1s que enviarla a aulasabiertasformacion@gmail.com Si quieres controlar y editar varios anuncios y que aparezca tu foto, date de alta como profesor y haz [&hellip;]\" \/>\n<meta property=\"og:url\" content=\"https:\/\/bancodeprofesores.aulasabiertas.com\/index.php\/login\/\" \/>\n<meta property=\"og:site_name\" content=\"BOLSA DE PROFESORES DE AULASABIERTAS.COM\" \/>\n<meta property=\"article:modified_time\" content=\"2021-02-18T13:16:30+00:00\" \/>\n<meta name=\"twitter:card\" content=\"summary_large_image\" \/>\n<meta name=\"twitter:label1\" content=\"Tiempo de lectura\" \/>\n\t<meta name=\"twitter:data1\" content=\"1 minuto\" \/>\n<script type=\"application\/ld+json\" class=\"yoast-schema-graph\">{\"@context\":\"https:\/\/schema.org\",\"@graph\":[{\"@type\":\"WebPage\",\"@id\":\"https:\/\/bancodeprofesores.aulasabiertas.com\/index.php\/login\/\",\"url\":\"https:\/\/bancodeprofesores.aulasabiertas.com\/index.php\/login\/\",\"name\":\"Login\/Publicaci\u00f3n del anuncio - BOLSA DE PROFESORES DE AULASABIERTAS.COM\",\"isPartOf\":{\"@id\":\"https:\/\/bancodeprofesores.aulasabiertas.com\/#website\"},\"datePublished\":\"2021-02-06T17:43:05+00:00\",\"dateModified\":\"2021-02-18T13:16:30+00:00\",\"breadcrumb\":{\"@id\":\"https:\/\/bancodeprofesores.aulasabiertas.com\/index.php\/login\/#breadcrumb\"},\"inLanguage\":\"es\",\"potentialAction\":[{\"@type\":\"ReadAction\",\"target\":[\"https:\/\/bancodeprofesores.aulasabiertas.com\/index.php\/login\/\"]}]},{\"@type\":\"BreadcrumbList\",\"@id\":\"https:\/\/bancodeprofesores.aulasabiertas.com\/index.php\/login\/#breadcrumb\",\"itemListElement\":[{\"@type\":\"ListItem\",\"position\":1,\"name\":\"Portada\",\"item\":\"https:\/\/bancodeprofesores.aulasabiertas.com\/\"},{\"@type\":\"ListItem\",\"position\":2,\"name\":\"Login\/Publicaci\u00f3n del anuncio\"}]},{\"@type\":\"WebSite\",\"@id\":\"https:\/\/bancodeprofesores.aulasabiertas.com\/#website\",\"url\":\"https:\/\/bancodeprofesores.aulasabiertas.com\/\",\"name\":\"BOLSA DE PROFESORES DE AULASABIERTAS.COM\",\"description\":\"VISUAL&Iacute;ZATE COMO PROFESOR - ENCUENTRA EL PROFE QUE NECESITAS\",\"potentialAction\":[{\"@type\":\"SearchAction\",\"target\":{\"@type\":\"EntryPoint\",\"urlTemplate\":\"https:\/\/bancodeprofesores.aulasabiertas.com\/?s={search_term_string}\"},\"query-input\":\"required name=search_term_string\"}],\"inLanguage\":\"es\"}]}<\/script>\n<!-- \/ Yoast SEO plugin. -->","yoast_head_json":{"title":"Login\/Publicaci\u00f3n del anuncio - BOLSA DE PROFESORES DE AULASABIERTAS.COM","robots":{"index":"index","follow":"follow","max-snippet":"max-snippet:-1","max-image-preview":"max-image-preview:large","max-video-preview":"max-video-preview:-1"},"canonical":"https:\/\/bancodeprofesores.aulasabiertas.com\/index.php\/login\/","og_locale":"es_ES","og_type":"article","og_title":"Login\/Publicaci\u00f3n del anuncio - BOLSA DE PROFESORES DE AULASABIERTAS.COM","og_description":"Puedes enviarnos tu anuncio rellenando este FORMULARIO (no hace falta que te des de alta como profesor), nosotros lo revisaremos y actualizaremos en 24-48 h. Si quieres que incluyamos una foto tendr\u00e1s que enviarla a aulasabiertasformacion@gmail.com Si quieres controlar y editar varios anuncios y que aparezca tu foto, date de alta como profesor y haz [&hellip;]","og_url":"https:\/\/bancodeprofesores.aulasabiertas.com\/index.php\/login\/","og_site_name":"BOLSA DE PROFESORES DE AULASABIERTAS.COM","article_modified_time":"2021-02-18T13:16:30+00:00","twitter_card":"summary_large_image","twitter_misc":{"Tiempo de lectura":"1 minuto"},"schema":{"@context":"https:\/\/schema.org","@graph":[{"@type":"WebPage","@id":"https:\/\/bancodeprofesores.aulasabiertas.com\/index.php\/login\/","url":"https:\/\/bancodeprofesores.aulasabiertas.com\/index.php\/login\/","name":"Login\/Publicaci\u00f3n del anuncio - BOLSA DE PROFESORES DE AULASABIERTAS.COM","isPartOf":{"@id":"https:\/\/bancodeprofesores.aulasabiertas.com\/#website"},"datePublished":"2021-02-06T17:43:05+00:00","dateModified":"2021-02-18T13:16:30+00:00","breadcrumb":{"@id":"https:\/\/bancodeprofesores.aulasabiertas.com\/index.php\/login\/#breadcrumb"},"inLanguage":"es","potentialAction":[{"@type":"ReadAction","target":["https:\/\/bancodeprofesores.aulasabiertas.com\/index.php\/login\/"]}]},{"@type":"BreadcrumbList","@id":"https:\/\/bancodeprofesores.aulasabiertas.com\/index.php\/login\/#breadcrumb","itemListElement":[{"@type":"ListItem","position":1,"name":"Portada","item":"https:\/\/bancodeprofesores.aulasabiertas.com\/"},{"@type":"ListItem","position":2,"name":"Login\/Publicaci\u00f3n del anuncio"}]},{"@type":"WebSite","@id":"https:\/\/bancodeprofesores.aulasabiertas.com\/#website","url":"https:\/\/bancodeprofesores.aulasabiertas.com\/","name":"BOLSA DE PROFESORES DE AULASABIERTAS.COM","description":"VISUAL&Iacute;ZATE COMO PROFESOR - ENCUENTRA EL PROFE QUE NECESITAS","potentialAction":[{"@type":"SearchAction","target":{"@type":"EntryPoint","urlTemplate":"https:\/\/bancodeprofesores.aulasabiertas.com\/?s={search_term_string}"},"query-input":"required name=search_term_string"}],"inLanguage":"es"}]}},"_links":{"self":[{"href":"https:\/\/bancodeprofesores.aulasabiertas.com\/index.php\/wp-json\/wp\/v2\/pages\/15","targetHints":{"allow":["GET"]}}],"collection":[{"href":"https:\/\/bancodeprofesores.aulasabiertas.com\/index.php\/wp-json\/wp\/v2\/pages"}],"about":[{"href":"https:\/\/bancodeprofesores.aulasabiertas.com\/index.php\/wp-json\/wp\/v2\/types\/page"}],"author":[{"embeddable":true,"href":"https:\/\/bancodeprofesores.aulasabiertas.com\/index.php\/wp-json\/wp\/v2\/users\/1"}],"replies":[{"embeddable":true,"href":"https:\/\/bancodeprofesores.aulasabiertas.com\/index.php\/wp-json\/wp\/v2\/comments?post=15"}],"version-history":[{"count":6,"href":"https:\/\/bancodeprofesores.aulasabiertas.com\/index.php\/wp-json\/wp\/v2\/pages\/15\/revisions"}],"predecessor-version":[{"id":190,"href":"https:\/\/bancodeprofesores.aulasabiertas.com\/index.php\/wp-json\/wp\/v2\/pages\/15\/revisions\/190"}],"wp:attachment":[{"href":"https:\/\/bancodeprofesores.aulasabiertas.com\/index.php\/wp-json\/wp\/v2\/media?parent=15"}],"curies":[{"name":"wp","href":"https:\/\/api.w.org\/{rel}","templated":true}]}}